{"id":13680,"date":"2023-03-02T15:16:52","date_gmt":"2023-03-02T14:16:52","guid":{"rendered":"http:\/\/medyacht-group.fr\/?page_id=13680"},"modified":"2023-03-24T17:00:38","modified_gmt":"2023-03-24T16:00:38","slug":"mentions-legales","status":"publish","type":"page","link":"https:\/\/medyacht-group.fr\/en\/mentions-legales\/","title":{"rendered":"Mentions L\u00e9gales"},"content":{"rendered":"<div data-elementor-type=\"wp-page\" data-elementor-id=\"13680\" class=\"elementor elementor-13680\">\n\t\t\t\t\t\t\t<div class=\"elementor-element elementor-element-ac05e9c opaque-top e-flex e-con-boxed e-con e-parent\" data-id=\"ac05e9c\" data-element_type=\"container\" data-settings=\"{&quot;background_background&quot;:&quot;classic&quot;,&quot;content_width&quot;:&quot;boxed&quot;}\" data-core-v316-plus=\"true\">\n\t\t\t\t\t<div class=\"e-con-inner\">\n\t\t<div class=\"elementor-element elementor-element-c30edc5 e-con-full e-flex e-con e-child\" data-id=\"c30edc5\" data-element_type=\"container\" data-settings=\"{&quot;content_width&quot;:&quot;full&quot;}\">\n\t\t<div class=\"elementor-element elementor-element-ec06530 e-con-full e-flex e-con e-child\" data-id=\"ec06530\" data-element_type=\"container\" data-settings=\"{&quot;content_width&quot;:&quot;full&quot;}\">\n\t\t\t\t<div class=\"elementor-element elementor-element-6d8aaa8 element-reveal elementor-widget-divider--view-line elementor-invisible elementor-widget elementor-widget-divider\" data-id=\"6d8aaa8\" data-element_type=\"widget\" data-settings=\"{&quot;_animation&quot;:&quot;fadeIn&quot;}\" data-widget_type=\"divider.default\">\n\t\t\t\t<div class=\"elementor-widget-container\">\n\t\t\t<style>\/*! elementor - v3.18.0 - 20-12-2023 *\/\n.elementor-widget-divider{--divider-border-style:none;--divider-border-width:1px;--divider-color:#0c0d0e;--divider-icon-size:20px;--divider-element-spacing:10px;--divider-pattern-height:24px;--divider-pattern-size:20px;--divider-pattern-url:none;--divider-pattern-repeat:repeat-x}.elementor-widget-divider .elementor-divider{display:flex}.elementor-widget-divider .elementor-divider__text{font-size:15px;line-height:1;max-width:95%}.elementor-widget-divider .elementor-divider__element{margin:0 var(--divider-element-spacing);flex-shrink:0}.elementor-widget-divider .elementor-icon{font-size:var(--divider-icon-size)}.elementor-widget-divider .elementor-divider-separator{display:flex;margin:0;direction:ltr}.elementor-widget-divider--view-line_icon .elementor-divider-separator,.elementor-widget-divider--view-line_text .elementor-divider-separator{align-items:center}.elementor-widget-divider--view-line_icon .elementor-divider-separator:after,.elementor-widget-divider--view-line_icon .elementor-divider-separator:before,.elementor-widget-divider--view-line_text .elementor-divider-separator:after,.elementor-widget-divider--view-line_text .elementor-divider-separator:before{display:block;content:\"\";border-bottom:0;flex-grow:1;border-top:var(--divider-border-width) var(--divider-border-style) var(--divider-color)}.elementor-widget-divider--element-align-left .elementor-divider .elementor-divider-separator>.elementor-divider__svg:first-of-type{flex-grow:0;flex-shrink:100}.elementor-widget-divider--element-align-left .elementor-divider-separator:before{content:none}.elementor-widget-divider--element-align-left .elementor-divider__element{margin-left:0}.elementor-widget-divider--element-align-right .elementor-divider .elementor-divider-separator>.elementor-divider__svg:last-of-type{flex-grow:0;flex-shrink:100}.elementor-widget-divider--element-align-right .elementor-divider-separator:after{content:none}.elementor-widget-divider--element-align-right .elementor-divider__element{margin-right:0}.elementor-widget-divider:not(.elementor-widget-divider--view-line_text):not(.elementor-widget-divider--view-line_icon) .elementor-divider-separator{border-top:var(--divider-border-width) var(--divider-border-style) var(--divider-color)}.elementor-widget-divider--separator-type-pattern{--divider-border-style:none}.elementor-widget-divider--separator-type-pattern.elementor-widget-divider--view-line .elementor-divider-separator,.elementor-widget-divider--separator-type-pattern:not(.elementor-widget-divider--view-line) .elementor-divider-separator:after,.elementor-widget-divider--separator-type-pattern:not(.elementor-widget-divider--view-line) .elementor-divider-separator:before,.elementor-widget-divider--separator-type-pattern:not([class*=elementor-widget-divider--view]) .elementor-divider-separator{width:100%;min-height:var(--divider-pattern-height);-webkit-mask-size:var(--divider-pattern-size) 100%;mask-size:var(--divider-pattern-size) 100%;-webkit-mask-repeat:var(--divider-pattern-repeat);mask-repeat:var(--divider-pattern-repeat);background-color:var(--divider-color);-webkit-mask-image:var(--divider-pattern-url);mask-image:var(--divider-pattern-url)}.elementor-widget-divider--no-spacing{--divider-pattern-size:auto}.elementor-widget-divider--bg-round{--divider-pattern-repeat:round}.rtl .elementor-widget-divider .elementor-divider__text{direction:rtl}.e-con-inner>.elementor-widget-divider,.e-con>.elementor-widget-divider{width:var(--container-widget-width,100%);--flex-grow:var(--container-widget-flex-grow)}<\/style>\t\t<div class=\"elementor-divider\">\n\t\t\t<span class=\"elementor-divider-separator\">\n\t\t\t\t\t\t<\/span>\n\t\t<\/div>\n\t\t\t\t<\/div>\n\t\t\t\t<\/div>\n\t\t\t\t<div class=\"elementor-element elementor-element-e3dad8c elementor-widget__width-inherit element-reveal elementor-invisible elementor-widget elementor-widget-heading\" data-id=\"e3dad8c\" data-element_type=\"widget\" data-settings=\"{&quot;_animation&quot;:&quot;fadeIn&quot;}\" data-widget_type=\"heading.default\">\n\t\t\t\t<div class=\"elementor-widget-container\">\n\t\t\t<style>\/*! elementor - v3.18.0 - 20-12-2023 *\/\n.elementor-heading-title{padding:0;margin:0;line-height:1}.elementor-widget-heading .elementor-heading-title[class*=elementor-size-]>a{color:inherit;font-size:inherit;line-height:inherit}.elementor-widget-heading .elementor-heading-title.elementor-size-small{font-size:15px}.elementor-widget-heading .elementor-heading-title.elementor-size-medium{font-size:19px}.elementor-widget-heading .elementor-heading-title.elementor-size-large{font-size:29px}.elementor-widget-heading .elementor-heading-title.elementor-size-xl{font-size:39px}.elementor-widget-heading .elementor-heading-title.elementor-size-xxl{font-size:59px}<\/style><p class=\"elementor-heading-title elementor-size-default\">MedYacht<\/p>\t\t<\/div>\n\t\t\t\t<\/div>\n\t\t\t\t<div class=\"elementor-element elementor-element-7d0fe9e element-reveal elementor-invisible elementor-widget elementor-widget-heading\" data-id=\"7d0fe9e\" data-element_type=\"widget\" data-settings=\"{&quot;_animation&quot;:&quot;fadeIn&quot;}\" data-widget_type=\"heading.default\">\n\t\t\t\t<div class=\"elementor-widget-container\">\n\t\t\t<h1 class=\"elementor-heading-title elementor-size-default\"><b>Legal Notice<\/b><\/h1>\t\t<\/div>\n\t\t\t\t<\/div>\n\t\t\t\t<div class=\"elementor-element elementor-element-4007abb elementor-widget elementor-widget-text-editor\" data-id=\"4007abb\" data-element_type=\"widget\" data-settings=\"{&quot;_animation&quot;:&quot;none&quot;}\" data-widget_type=\"text-editor.default\">\n\t\t\t\t<div class=\"elementor-widget-container\">\n\t\t\t<style>\/*! elementor - v3.18.0 - 20-12-2023 *\/\n.elementor-widget-text-editor.elementor-drop-cap-view-stacked .elementor-drop-cap{background-color:#69727d;color:#fff}.elementor-widget-text-editor.elementor-drop-cap-view-framed .elementor-drop-cap{color:#69727d;border:3px solid;background-color:transparent}.elementor-widget-text-editor:not(.elementor-drop-cap-view-default) .elementor-drop-cap{margin-top:8px}.elementor-widget-text-editor:not(.elementor-drop-cap-view-default) .elementor-drop-cap-letter{width:1em;height:1em}.elementor-widget-text-editor .elementor-drop-cap{float:left;text-align:center;line-height:1;font-size:50px}.elementor-widget-text-editor .elementor-drop-cap-letter{display:inline-block}<\/style>\t\t\t\t<section id=\"intro\" class=\"route-legal\"><header class=\"row column\"><div class=\"route-text rte\"><p><strong>PUBLISHER:<\/strong> MED YACHT GROUP, Les R\u00e9sidences du Port &#8211; Entr\u00e9e B Avenue du 11<br \/>Novembre 1918 , 83 990 Saint-Tropez &#8211; FRANCE.<\/p><p><strong>T\u00e9l :<\/strong> +33(0) 4.94.45.20.84<br \/>R.C.S Fr\u00e9jus 842 800 450 &#8211; TVA FR 41 842 800 450<\/p><p><strong>PRODUCTION:<\/strong> MEDIACO LEVAGE, IT &amp; communication department, Espace Jean-Jacques Vernazza 17 avenue Andr\u00e9 Roussin 13016 MARSEILLE - FRANCE.<\/p><p><strong>T\u00e9l :<\/strong> +33(0) 4.91.03.81.91 &#8211; www.mediaco-groupe.com<\/p><p><strong>HOSTING:<\/strong> OVH SAS, 2 Rue Kellermann 59100 Roubaix.<\/p><p><strong>PICTURES, ILLUSTRATION, TEXT:<\/strong> Med Yacht Group\u00a9 and its partner brands such as: Sunseeker, Beneteau, Saxdor Yachts, Sea Water, Mercury and Volvo Penta. Any reproduction, in whole or in part, in any form whatsoever, is prohibited without the prior authorization of the author.<\/p><\/div><\/header><\/section>\t\t\t\t\t\t<\/div>\n\t\t\t\t<\/div>\n\t\t\t\t<\/div>\n\t\t\t\t<\/div>\n\t\t<div class=\"elementor-element elementor-element-9078608 e-flex e-con-boxed e-con e-child\" data-id=\"9078608\" data-element_type=\"container\" data-settings=\"{&quot;background_background&quot;:&quot;classic&quot;,&quot;content_width&quot;:&quot;boxed&quot;}\">\n\t\t\t\t\t<div class=\"e-con-inner\">\n\t\t\t\t<div class=\"elementor-element elementor-element-9fe802e animated-fast elementor-invisible elementor-widget elementor-widget-image\" data-id=\"9fe802e\" data-element_type=\"widget\" data-settings=\"{&quot;_animation&quot;:&quot;fadeInUp&quot;,&quot;_animation_tablet&quot;:&quot;none&quot;}\" data-widget_type=\"image.default\">\n\t\t\t\t<div class=\"elementor-widget-container\">\n\t\t\t<style>\/*! elementor - v3.18.0 - 20-12-2023 *\/\n.elementor-widget-image{text-align:center}.elementor-widget-image a{display:inline-block}.elementor-widget-image a img[src$=\".svg\"]{width:48px}.elementor-widget-image img{vertical-align:middle;display:inline-block}<\/style>\t\t\t\t\t\t\t\t\t\t\t\t<img fetchpriority=\"high\" decoding=\"async\" width=\"1457\" height=\"1179\" src=\"https:\/\/medyacht-group.fr\/wp-content\/uploads\/2023\/02\/place-port-1.webp\" class=\"attachment-full size-full wp-image-13100\" alt=\"places de port \u00e0 vendre sur saint-tropez\" srcset=\"https:\/\/medyacht-group.fr\/wp-content\/uploads\/2023\/02\/place-port-1.webp 1457w, https:\/\/medyacht-group.fr\/wp-content\/uploads\/2023\/02\/place-port-1-300x243.webp 300w, https:\/\/medyacht-group.fr\/wp-content\/uploads\/2023\/02\/place-port-1-1024x829.webp 1024w, https:\/\/medyacht-group.fr\/wp-content\/uploads\/2023\/02\/place-port-1-768x621.webp 768w, https:\/\/medyacht-group.fr\/wp-content\/uploads\/2023\/02\/place-port-1-15x12.webp 15w\" sizes=\"(max-width: 1457px) 100vw, 1457px\" \/>\t\t\t\t\t\t\t\t\t\t\t\t\t\t\t<\/div>\n\t\t\t\t<\/div>\n\t\t\t\t\t<\/div>\n\t\t\t\t<\/div>\n\t\t\t\t\t<\/div>\n\t\t\t\t<\/div>\n\t\t<div class=\"elementor-element elementor-element-05d4975 e-flex e-con-boxed e-con e-parent\" data-id=\"05d4975\" data-element_type=\"container\" data-settings=\"{&quot;content_width&quot;:&quot;boxed&quot;}\" data-core-v316-plus=\"true\">\n\t\t\t\t\t<div class=\"e-con-inner\">\n\t\t<div class=\"elementor-element elementor-element-fe56f21 e-con-full e-flex e-con e-child\" data-id=\"fe56f21\" data-element_type=\"container\" data-settings=\"{&quot;content_width&quot;:&quot;full&quot;}\">\n\t\t\t\t<div class=\"elementor-element elementor-element-34233d2 elementor-widget elementor-widget-text-editor\" data-id=\"34233d2\" data-element_type=\"widget\" data-settings=\"{&quot;_animation&quot;:&quot;none&quot;}\" data-widget_type=\"text-editor.default\">\n\t\t\t\t<div class=\"elementor-widget-container\">\n\t\t\t\t\t\t\t<p>The <strong>MED52<\/strong> as well as the <strong>MED42<\/strong> are available for rent in our Marine agencies in Cogolin and Saint-Tropez.<\/p><p><strong>RIGHTS OF THE USERS ON THEIR DATA:<\/strong> In accordance with the Data Protection Act, and the regulations applicable to personal data, users of this site have the following rights:<\/p><ul><li>Right to access<\/li><li>Right of rectification<\/li><li>Right to deletion<\/li><li>Right to limitation<\/li><li>Right of opposition<\/li><li>\u00a0Right to portability<\/li><\/ul><p>You may exercise each of these rights at any time by sending a letter accompanied by a valid proof of identity to the following address: <strong>Med Yacht Group 69 Avenue du 11 Novembre 1918 , 83990 Saint-Tropez.<\/strong><\/p><p>The service will then intervene as soon as possible upon receipt of your request. The service will then intervene as soon as possible upon receipt of your request.<\/p><p><strong>USE OF PERSONAL DATA:<\/strong> MEDYACHT GROUP only collects and uses personal data that are essential for the proper functioning of the site and the use of its services. The following elements are likely to involve personal data:<\/p><ul><li>Contact forms<\/li><li>Online boat reservations<\/li><li>Newsletter subscription<\/li><\/ul><p>The entire processing of this data is based on the legal basis of consent, mentioned in Article 6 of the GDPR (https:\/\/www.cnil.fr\/fr\/reglement-europeen-protection-donnees\/chapitre2#Article6). This consent is required explicitly in the form of checkboxes in the site forms. MEDYACHT GROUP informs you that all of the personal data that you may communicate to it through this site is intended solely for the authorized personnel of the company and will not be transmitted to any third party.<\/p>\t\t\t\t\t\t<\/div>\n\t\t\t\t<\/div>\n\t\t\t\t<\/div>\n\t\t\t\t\t<\/div>\n\t\t\t\t<\/div>\n\t\t<div class=\"elementor-element elementor-element-757b703 espaceur e-flex e-con-boxed e-con e-parent\" data-id=\"757b703\" data-element_type=\"container\" data-settings=\"{&quot;content_width&quot;:&quot;boxed&quot;}\" data-core-v316-plus=\"true\">\n\t\t\t\t\t<div class=\"e-con-inner\">\n\t\t\t\t\t<\/div>\n\t\t\t\t<\/div>\n\t\t\t\t\t\t\t<\/div>","protected":false},"excerpt":{"rendered":"<p>MedYacht Mentions l\u00e9gales \u00c9DITEUR : MED YACHT GROUP, Les R\u00e9sidences du Port &#8211; Entr\u00e9e B Avenue du 11 Novembre 1918 , 83 990 Saint-Tropez &#8211; FRANCE. T\u00e9l : +33(0) 4.94.45.20.84 R.C.S Fr\u00e9jus 842 800 450 &#8211; TVA FR 41 842 800 450 R\u00c9ALISATION : MEDIACO LEVAGE, Service informatique &amp; communication, Espace Jean-Jacques Vernazza 17 avenue [&hellip;]<\/p>","protected":false},"author":1,"featured_media":0,"parent":0,"menu_order":0,"comment_status":"closed","ping_status":"closed","template":"elementor_header_footer","meta":{"_sitemap_exclude":false,"_sitemap_priority":"","_sitemap_frequency":"","footnotes":""},"yoast_head":"<!-- This site is optimized with the Yoast SEO plugin v21.8 - https:\/\/yoast.com\/wordpress\/plugins\/seo\/ -->\n<title>Mentions L\u00e9gales - MEDYACHT<\/title>\n<meta name=\"robots\" content=\"noindex, nofollow\" \/>\n<meta property=\"og:locale\" content=\"en_GB\" \/>\n<meta property=\"og:type\" content=\"article\" \/>\n<meta property=\"og:title\" content=\"Mentions L\u00e9gales - MEDYACHT\" \/>\n<meta property=\"og:description\" content=\"MedYacht Mentions l\u00e9gales \u00c9DITEUR : MED YACHT GROUP, Les R\u00e9sidences du Port &#8211; Entr\u00e9e B Avenue du 11 Novembre 1918 , 83 990 Saint-Tropez &#8211; FRANCE. T\u00e9l : +33(0) 4.94.45.20.84 R.C.S Fr\u00e9jus 842 800 450 &#8211; TVA FR 41 842 800 450 R\u00c9ALISATION : MEDIACO LEVAGE, Service informatique &amp; communication, Espace Jean-Jacques Vernazza 17 avenue [&hellip;]\" \/>\n<meta property=\"og:url\" content=\"https:\/\/medyacht-group.fr\/en\/mentions-legales\/\" \/>\n<meta property=\"og:site_name\" content=\"MEDYACHT\" \/>\n<meta property=\"article:modified_time\" content=\"2023-03-24T16:00:38+00:00\" \/>\n<meta property=\"og:image\" content=\"http:\/\/medyacht-group.fr\/wp-content\/uploads\/2023\/02\/place-port-1.webp\" \/>\n<meta name=\"twitter:card\" content=\"summary_large_image\" \/>\n<meta name=\"twitter:label1\" content=\"Estimated reading time\" \/>\n\t<meta name=\"twitter:data1\" content=\"3 minutes\" \/>\n<script type=\"application\/ld+json\" class=\"yoast-schema-graph\">{\"@context\":\"https:\/\/schema.org\",\"@graph\":[{\"@type\":\"WebPage\",\"@id\":\"https:\/\/medyacht-group.fr\/mentions-legales\/\",\"url\":\"https:\/\/medyacht-group.fr\/mentions-legales\/\",\"name\":\"Mentions L\u00e9gales - MEDYACHT\",\"isPartOf\":{\"@id\":\"https:\/\/medyacht-group.fr\/#website\"},\"datePublished\":\"2023-03-02T14:16:52+00:00\",\"dateModified\":\"2023-03-24T16:00:38+00:00\",\"breadcrumb\":{\"@id\":\"https:\/\/medyacht-group.fr\/mentions-legales\/#breadcrumb\"},\"inLanguage\":\"en-GB\",\"potentialAction\":[{\"@type\":\"ReadAction\",\"target\":[\"https:\/\/medyacht-group.fr\/mentions-legales\/\"]}]},{\"@type\":\"BreadcrumbList\",\"@id\":\"https:\/\/medyacht-group.fr\/mentions-legales\/#breadcrumb\",\"itemListElement\":[{\"@type\":\"ListItem\",\"position\":1,\"name\":\"Accueil\",\"item\":\"https:\/\/medyacht-group.fr\/\"},{\"@type\":\"ListItem\",\"position\":2,\"name\":\"Mentions L\u00e9gales\"}]},{\"@type\":\"WebSite\",\"@id\":\"https:\/\/medyacht-group.fr\/#website\",\"url\":\"https:\/\/medyacht-group.fr\/\",\"name\":\"MEDYACHT\",\"description\":\"Vente, Location et Entretien de Bateaux \u00e0 Saint-Tropez\",\"publisher\":{\"@id\":\"https:\/\/medyacht-group.fr\/#organization\"},\"potentialAction\":[{\"@type\":\"SearchAction\",\"target\":{\"@type\":\"EntryPoint\",\"urlTemplate\":\"https:\/\/medyacht-group.fr\/?s={search_term_string}\"},\"query-input\":\"required name=search_term_string\"}],\"inLanguage\":\"en-GB\"},{\"@type\":\"Organization\",\"@id\":\"https:\/\/medyacht-group.fr\/#organization\",\"name\":\"MEDYACHT\",\"url\":\"https:\/\/medyacht-group.fr\/\",\"logo\":{\"@type\":\"ImageObject\",\"inLanguage\":\"en-GB\",\"@id\":\"https:\/\/medyacht-group.fr\/#\/schema\/logo\/image\/\",\"url\":\"https:\/\/medyacht-group.fr\/wp-content\/uploads\/2022\/11\/medyatch-logo.svg\",\"contentUrl\":\"https:\/\/medyacht-group.fr\/wp-content\/uploads\/2022\/11\/medyatch-logo.svg\",\"width\":841,\"height\":239,\"caption\":\"MEDYACHT\"},\"image\":{\"@id\":\"https:\/\/medyacht-group.fr\/#\/schema\/logo\/image\/\"}}]}<\/script>\n<!-- \/ Yoast SEO plugin. -->","yoast_head_json":{"title":"Mentions L\u00e9gales - MEDYACHT","robots":{"index":"noindex","follow":"nofollow"},"og_locale":"en_GB","og_type":"article","og_title":"Mentions L\u00e9gales - MEDYACHT","og_description":"MedYacht Mentions l\u00e9gales \u00c9DITEUR : MED YACHT GROUP, Les R\u00e9sidences du Port &#8211; Entr\u00e9e B Avenue du 11 Novembre 1918 , 83 990 Saint-Tropez &#8211; FRANCE. T\u00e9l : +33(0) 4.94.45.20.84 R.C.S Fr\u00e9jus 842 800 450 &#8211; TVA FR 41 842 800 450 R\u00c9ALISATION : MEDIACO LEVAGE, Service informatique &amp; communication, Espace Jean-Jacques Vernazza 17 avenue [&hellip;]","og_url":"https:\/\/medyacht-group.fr\/en\/mentions-legales\/","og_site_name":"MEDYACHT","article_modified_time":"2023-03-24T16:00:38+00:00","og_image":[{"url":"http:\/\/medyacht-group.fr\/wp-content\/uploads\/2023\/02\/place-port-1.webp"}],"twitter_card":"summary_large_image","twitter_misc":{"Estimated reading time":"3 minutes"},"schema":{"@context":"https:\/\/schema.org","@graph":[{"@type":"WebPage","@id":"https:\/\/medyacht-group.fr\/mentions-legales\/","url":"https:\/\/medyacht-group.fr\/mentions-legales\/","name":"Mentions L\u00e9gales - MEDYACHT","isPartOf":{"@id":"https:\/\/medyacht-group.fr\/#website"},"datePublished":"2023-03-02T14:16:52+00:00","dateModified":"2023-03-24T16:00:38+00:00","breadcrumb":{"@id":"https:\/\/medyacht-group.fr\/mentions-legales\/#breadcrumb"},"inLanguage":"en-GB","potentialAction":[{"@type":"ReadAction","target":["https:\/\/medyacht-group.fr\/mentions-legales\/"]}]},{"@type":"BreadcrumbList","@id":"https:\/\/medyacht-group.fr\/mentions-legales\/#breadcrumb","itemListElement":[{"@type":"ListItem","position":1,"name":"Accueil","item":"https:\/\/medyacht-group.fr\/"},{"@type":"ListItem","position":2,"name":"Mentions L\u00e9gales"}]},{"@type":"WebSite","@id":"https:\/\/medyacht-group.fr\/#website","url":"https:\/\/medyacht-group.fr\/","name":"MEDYACHT","description":"Vente, Location et Entretien de Bateaux \u00e0 Saint-Tropez","publisher":{"@id":"https:\/\/medyacht-group.fr\/#organization"},"potentialAction":[{"@type":"SearchAction","target":{"@type":"EntryPoint","urlTemplate":"https:\/\/medyacht-group.fr\/?s={search_term_string}"},"query-input":"required name=search_term_string"}],"inLanguage":"en-GB"},{"@type":"Organization","@id":"https:\/\/medyacht-group.fr\/#organization","name":"MEDYACHT","url":"https:\/\/medyacht-group.fr\/","logo":{"@type":"ImageObject","inLanguage":"en-GB","@id":"https:\/\/medyacht-group.fr\/#\/schema\/logo\/image\/","url":"https:\/\/medyacht-group.fr\/wp-content\/uploads\/2022\/11\/medyatch-logo.svg","contentUrl":"https:\/\/medyacht-group.fr\/wp-content\/uploads\/2022\/11\/medyatch-logo.svg","width":841,"height":239,"caption":"MEDYACHT"},"image":{"@id":"https:\/\/medyacht-group.fr\/#\/schema\/logo\/image\/"}}]}},"_links":{"self":[{"href":"https:\/\/medyacht-group.fr\/en\/wp-json\/wp\/v2\/pages\/13680"}],"collection":[{"href":"https:\/\/medyacht-group.fr\/en\/wp-json\/wp\/v2\/pages"}],"about":[{"href":"https:\/\/medyacht-group.fr\/en\/wp-json\/wp\/v2\/types\/page"}],"author":[{"embeddable":true,"href":"https:\/\/medyacht-group.fr\/en\/wp-json\/wp\/v2\/users\/1"}],"replies":[{"embeddable":true,"href":"https:\/\/medyacht-group.fr\/en\/wp-json\/wp\/v2\/comments?post=13680"}],"version-history":[{"count":0,"href":"https:\/\/medyacht-group.fr\/en\/wp-json\/wp\/v2\/pages\/13680\/revisions"}],"wp:attachment":[{"href":"https:\/\/medyacht-group.fr\/en\/wp-json\/wp\/v2\/media?parent=13680"}],"curies":[{"name":"wp","href":"https:\/\/api.w.org\/{rel}","templated":true}]}}